{"id":12532,"date":"2023-08-21T09:37:33","date_gmt":"2023-08-21T09:37:33","guid":{"rendered":"https:\/\/www.icsanmartinoinpensilis.edu.it\/site\/?page_id=12532"},"modified":"2025-11-07T15:26:42","modified_gmt":"2025-11-07T14:26:42","slug":"dirigente-scolastico","status":"publish","type":"page","link":"https:\/\/www.icsanmartinoinpensilis.edu.it\/site\/scuola\/le-persone\/dirigente-scolastico\/","title":{"rendered":"Dirigente Scolastico"},"content":{"rendered":"\t\t<div data-elementor-type=\"wp-page\" data-elementor-id=\"12532\" class=\"elementor elementor-12532\" data-elementor-post-type=\"page\">\n\t\t\t\t\t\t<section class=\"has_eae_slider elementor-section elementor-top-section elementor-element elementor-element-8c7413b elementor-section-boxed elementor-section-height-default elementor-section-height-default\" data-eae-slider=\"41904\" data-id=\"8c7413b\" data-element_type=\"section\" data-e-type=\"section\">\n\t\t\t\t\t\t<div class=\"elementor-container elementor-column-gap-default\">\n\t\t\t\t\t<div class=\"has_eae_slider elementor-column elementor-col-100 elementor-top-column elementor-element elementor-element-f3dfd93\" data-eae-slider=\"7723\" data-id=\"f3dfd93\" data-element_type=\"column\" data-e-type=\"column\">\n\t\t\t<div class=\"elementor-widget-wrap elementor-element-populated\">\n\t\t\t\t\t\t<div class=\"elementor-element elementor-element-6190eb9 elementor-widget elementor-widget-heading\" data-id=\"6190eb9\" data-element_type=\"widget\" data-e-type=\"widget\" data-widget_type=\"heading.default\">\n\t\t\t\t<div class=\"elementor-widget-container\">\n\t\t\t\t\t<h2 class=\"elementor-heading-title elementor-size-xl\">Prof.ssa Lamanna Immacolata<\/h2>\t\t\t\t<\/div>\n\t\t\t\t<\/div>\n\t\t\t\t<section class=\"has_eae_slider elementor-section elementor-inner-section elementor-element elementor-element-d3cc747 elementor-section-boxed elementor-section-height-default elementor-section-height-default\" data-eae-slider=\"74713\" data-id=\"d3cc747\" data-element_type=\"section\" data-e-type=\"section\">\n\t\t\t\t\t\t<div class=\"elementor-container elementor-column-gap-default\">\n\t\t\t\t\t<div class=\"has_eae_slider elementor-column elementor-col-50 elementor-inner-column elementor-element elementor-element-384f81b\" data-eae-slider=\"80834\" data-id=\"384f81b\" data-element_type=\"column\" data-e-type=\"column\">\n\t\t\t<div class=\"elementor-widget-wrap elementor-element-populated\">\n\t\t\t\t\t\t<div class=\"elementor-element elementor-element-a333ead elementor-align-center elementor-widget elementor-widget-button\" data-id=\"a333ead\" data-element_type=\"widget\" data-e-type=\"widget\" data-widget_type=\"button.default\">\n\t\t\t\t<div class=\"elementor-widget-container\">\n\t\t\t\t\t\t\t\t\t<div class=\"elementor-button-wrapper\">\n\t\t\t\t\t<a class=\"elementor-button elementor-button-link elementor-size-sm\" href=\"https:\/\/www.icsanmartinoinpensilis.edu.it\/site\/wp-content\/uploads\/2024\/10\/1730374317_CV_Lamanna_Immacolata-signed-1.pdf\" target=\"_blank\">\n\t\t\t\t\t\t<span class=\"elementor-button-content-wrapper\">\n\t\t\t\t\t\t\t\t\t<span class=\"elementor-button-text\">Curriculum Vitae<\/span>\n\t\t\t\t\t<\/span>\n\t\t\t\t\t<\/a>\n\t\t\t\t<\/div>\n\t\t\t\t\t\t\t\t<\/div>\n\t\t\t\t<\/div>\n\t\t\t\t\t<\/div>\n\t\t<\/div>\n\t\t\t\t<div class=\"has_eae_slider elementor-column elementor-col-50 elementor-inner-column elementor-element elementor-element-511a290\" data-eae-slider=\"29469\" data-id=\"511a290\" data-element_type=\"column\" data-e-type=\"column\">\n\t\t\t<div class=\"elementor-widget-wrap elementor-element-populated\">\n\t\t\t\t\t\t<div class=\"elementor-element elementor-element-21ca28b elementor-align-center elementor-widget elementor-widget-button\" data-id=\"21ca28b\" data-element_type=\"widget\" data-e-type=\"widget\" data-widget_type=\"button.default\">\n\t\t\t\t<div class=\"elementor-widget-container\">\n\t\t\t\t\t\t\t\t\t<div class=\"elementor-button-wrapper\">\n\t\t\t\t\t<a class=\"elementor-button elementor-button-link elementor-size-sm\" href=\"https:\/\/www.icsanmartinoinpensilis.edu.it\/site\/wp-content\/uploads\/2025\/11\/1762517987_Atto_d_indirizzo_2025_26_completo-signed-1.pdf\" target=\"_blank\">\n\t\t\t\t\t\t<span class=\"elementor-button-content-wrapper\">\n\t\t\t\t\t\t\t\t\t<span class=\"elementor-button-text\">Atto di Indirizzo<\/span>\n\t\t\t\t\t<\/span>\n\t\t\t\t\t<\/a>\n\t\t\t\t<\/div>\n\t\t\t\t\t\t\t\t<\/div>\n\t\t\t\t<\/div>\n\t\t\t\t\t<\/div>\n\t\t<\/div>\n\t\t\t\t\t<\/div>\n\t\t<\/section>\n\t\t\t\t<div class=\"elementor-element elementor-element-fd2a586 elementor-widget elementor-widget-spacer\" data-id=\"fd2a586\" data-element_type=\"widget\" data-e-type=\"widget\" data-widget_type=\"spacer.default\">\n\t\t\t\t<div class=\"elementor-widget-container\">\n\t\t\t\t\t\t\t<div class=\"elementor-spacer\">\n\t\t\t<div class=\"elementor-spacer-inner\"><\/div>\n\t\t<\/div>\n\t\t\t\t\t\t<\/div>\n\t\t\t\t<\/div>\n\t\t\t\t<div class=\"elementor-element elementor-element-1303bb0 elementor-widget elementor-widget-text-editor\" data-id=\"1303bb0\" data-element_type=\"widget\" data-e-type=\"widget\" data-widget_type=\"text-editor.default\">\n\t\t\t\t<div class=\"elementor-widget-container\">\n\t\t\t\t\t\t\t\t\t<p>Si comunica alle SS.L.L. che per l&#8217;anno scolastico 2021\/22, a partire dal 03\/11\/2021 l&#8217;orario di ricevimento della Dirigente Scolastica \u00e8 organizzato come segue:<\/p>\t\t\t\t\t\t\t\t<\/div>\n\t\t\t\t<\/div>\n\t\t\t\t<div class=\"elementor-element elementor-element-6cddc86 eael-table-align-center eael-dt-th-align-left elementor-widget elementor-widget-eael-data-table\" data-id=\"6cddc86\" data-element_type=\"widget\" data-e-type=\"widget\" data-widget_type=\"eael-data-table.default\">\n\t\t\t\t<div class=\"elementor-widget-container\">\n\t\t\t\t\t\t\t<div class=\"eael-data-table-wrap\" data-table_id=\"6cddc86\" id=\"eael-data-table-wrapper-6cddc86\" data-custom_responsive=\"false\">\n\t\t\t<table class=\"tablesorter eael-data-table center\" id=\"eael-data-table-6cddc86\">\n\t\t\t    <thead>\n\t\t\t        <tr class=\"table-header\">\n\t\t\t\t\t\t\t\t\t            <th class=\"\" id=\"\" colspan=\"\">\n\t\t\t\t\t\t\t\t\t\t\t\t\t\t<span class=\"data-table-header-text\">Sede<\/span><\/th>\n\t\t\t        \t\t\t\t            <th class=\"\" id=\"\" colspan=\"\">\n\t\t\t\t\t\t\t\t\t\t\t\t\t\t<span class=\"data-table-header-text\">Giorno<\/span><\/th>\n\t\t\t        \t\t\t\t            <th class=\"\" id=\"\" colspan=\"\">\n\t\t\t\t\t\t\t\t\t\t\t\t\t\t<span class=\"data-table-header-text\">Ora<\/span><\/th>\n\t\t\t        \t\t\t\t        <\/tr>\n\t\t\t    <\/thead>\n\t\t\t  \t<tbody>\n\t\t\t\t\t\t\t\t\t\t\t<tr>\n\t\t\t\t\t\t\t\t\t\t\t\t\t\t\t\t   \t\t\t\t\t\t\t\t\t\t\t<td colspan=\"\" rowspan=\"\" class=\"\" id=\"\">\n\t\t\t\t\t\t\t\t\t\t\t\t<div class=\"td-content-wrapper\"><div class=\"td-content\">\n\t\t\t\t\t\t\t\t\t\t\t\t\tSan Martino In Pensilis \nUfficio Sede Centrale\t\t\t\t\t\t\t\t\t\t\t\t<\/div><\/div>\n\t\t\t\t\t\t\t\t\t\t\t<\/td>\n\t\t\t\t\t\t\t\t\t\t\t\t\t\t\t\t\t\t\t\t\t\t\t\t\t\t\t\t\t   \t\t\t\t\t\t\t\t\t\t\t<td colspan=\"\" rowspan=\"\" class=\"\" id=\"\">\n\t\t\t\t\t\t\t\t\t\t\t\t<div class=\"td-content-wrapper\"><div class=\"td-content\">\n\t\t\t\t\t\t\t\t\t\t\t\t\tMercoled\u00ec-Gioved\u00ec- Venerd\u00ec\t\t\t\t\t\t\t\t\t\t\t\t<\/div><\/div>\n\t\t\t\t\t\t\t\t\t\t\t<\/td>\n\t\t\t\t\t\t\t\t\t\t\t\t\t\t\t\t\t\t\t\t\t\t\t\t\t\t\t\t\t   \t\t\t\t\t\t\t\t\t\t\t<td colspan=\"\" rowspan=\"\" class=\"\" id=\"\">\n\t\t\t\t\t\t\t\t\t\t\t\t<div class=\"td-content-wrapper\"><div class=\"td-content\">\n\t\t\t\t\t\t\t\t\t\t\t\t\t12:00-13:00\t\t\t\t\t\t\t\t\t\t\t\t<\/div><\/div>\n\t\t\t\t\t\t\t\t\t\t\t<\/td>\n\t\t\t\t\t\t\t\t\t\t\t\t\t\t\t\t\t\t\t\t\t\t\t\t\t\t<\/tr>\n\t\t\t        \t\t\t\t\t\t<tr>\n\t\t\t\t\t\t\t\t\t\t\t\t\t\t\t\t   \t\t\t\t\t\t\t\t\t\t\t<td colspan=\"\" rowspan=\"\" class=\"\" id=\"\">\n\t\t\t\t\t\t\t\t\t\t\t\t<div class=\"td-content-wrapper\"><div class=\"td-content\">\n\t\t\t\t\t\t\t\t\t\t\t\t\tUruri Scuola dell&#8217;Infanzia\t\t\t\t\t\t\t\t\t\t\t\t<\/div><\/div>\n\t\t\t\t\t\t\t\t\t\t\t<\/td>\n\t\t\t\t\t\t\t\t\t\t\t\t\t\t\t\t\t\t\t\t\t\t\t\t\t\t\t\t\t   \t\t\t\t\t\t\t\t\t\t\t<td colspan=\"\" rowspan=\"\" class=\"\" id=\"\">\n\t\t\t\t\t\t\t\t\t\t\t\t<div class=\"td-content-wrapper\"><div class=\"td-content\">\n\t\t\t\t\t\t\t\t\t\t\t\t\tLuned\u00ec \t\t\t\t\t\t\t\t\t\t\t\t<\/div><\/div>\n\t\t\t\t\t\t\t\t\t\t\t<\/td>\n\t\t\t\t\t\t\t\t\t\t\t\t\t\t\t\t\t\t\t\t\t\t\t\t\t\t\t\t\t   \t\t\t\t\t\t\t\t\t\t\t<td colspan=\"\" rowspan=\"\" class=\"\" id=\"\">\n\t\t\t\t\t\t\t\t\t\t\t\t<div class=\"td-content-wrapper\"><div class=\"td-content\">\n\t\t\t\t\t\t\t\t\t\t\t\t\t12:00-13:00\t\t\t\t\t\t\t\t\t\t\t\t<\/div><\/div>\n\t\t\t\t\t\t\t\t\t\t\t<\/td>\n\t\t\t\t\t\t\t\t\t\t\t\t\t\t\t\t\t\t\t\t\t\t\t\t\t\t<\/tr>\n\t\t\t        \t\t\t\t\t\t<tr>\n\t\t\t\t\t\t\t\t\t\t\t\t\t\t\t\t   \t\t\t\t\t\t\t\t\t\t\t<td colspan=\"\" rowspan=\"\" class=\"\" id=\"\">\n\t\t\t\t\t\t\t\t\t\t\t\t<div class=\"td-content-wrapper\"><div class=\"td-content\">\n\t\t\t\t\t\t\t\t\t\t\t\t\tPortocannone Scuola dell&#8217;Infanzia\t\t\t\t\t\t\t\t\t\t\t\t<\/div><\/div>\n\t\t\t\t\t\t\t\t\t\t\t<\/td>\n\t\t\t\t\t\t\t\t\t\t\t\t\t\t\t\t\t\t\t\t\t\t\t\t\t\t\t\t\t   \t\t\t\t\t\t\t\t\t\t\t<td colspan=\"\" rowspan=\"\" class=\"\" id=\"\">\n\t\t\t\t\t\t\t\t\t\t\t\t<div class=\"td-content-wrapper\"><div class=\"td-content\">\n\t\t\t\t\t\t\t\t\t\t\t\t\tMarted\u00ec\t\t\t\t\t\t\t\t\t\t\t\t<\/div><\/div>\n\t\t\t\t\t\t\t\t\t\t\t<\/td>\n\t\t\t\t\t\t\t\t\t\t\t\t\t\t\t\t\t\t\t\t\t\t\t\t\t\t\t\t\t   \t\t\t\t\t\t\t\t\t\t\t<td colspan=\"\" rowspan=\"\" class=\"\" id=\"\">\n\t\t\t\t\t\t\t\t\t\t\t\t<div class=\"td-content-wrapper\"><div class=\"td-content\">\n\t\t\t\t\t\t\t\t\t\t\t\t\t12:00-13:00\t\t\t\t\t\t\t\t\t\t\t\t<\/div><\/div>\n\t\t\t\t\t\t\t\t\t\t\t<\/td>\n\t\t\t\t\t\t\t\t\t\t\t\t\t\t\t\t\t\t\t\t\t\t\t\t\t\t<\/tr>\n\t\t\t        \t\t\t    <\/tbody>\n\t\t\t<\/table>\n\t\t<\/div>\n\t  \t\t\t\t\t<\/div>\n\t\t\t\t<\/div>\n\t\t\t\t<div class=\"elementor-element elementor-element-13abf63 elementor-widget elementor-widget-text-editor\" data-id=\"13abf63\" data-element_type=\"widget\" data-e-type=\"widget\" data-widget_type=\"text-editor.default\">\n\t\t\t\t<div class=\"elementor-widget-container\">\n\t\t\t\t\t\t\t\t\t<p>I giorni e gli orari indicati si riferiscono sia a colloqui in presenza sia a colloqui telefonici. Per situazioni particolari non conciliabili con tali orari \u00e8 necessario concordare un appuntamento tramite posta elettronica ordinaria.<\/p>\t\t\t\t\t\t\t\t<\/div>\n\t\t\t\t<\/div>\n\t\t\t\t\t<\/div>\n\t\t<\/div>\n\t\t\t\t\t<\/div>\n\t\t<\/section>\n\t\t\t\t<\/div>\n\t\t","protected":false},"excerpt":{"rendered":"<p>Prof.ssa Lamanna Immacolata Curriculum Vitae Atto di Indirizzo Si comunica alle SS.L.L. che per l&#8217;anno scolastico 2021\/22, a partire dal 03\/11\/2021 l&#8217;orario di ricevimento della Dirigente Scolastica \u00e8 organizzato come segue: Sede Giorno Ora San Martino In Pensilis Ufficio Sede Centrale Mercoled\u00ec-Gioved\u00ec- Venerd\u00ec 12:00-13:00 Ururi Scuola dell&#8217;Infanzia Luned\u00ec 12:00-13:00 Portocannone Scuola dell&#8217;Infanzia Marted\u00ec 12:00-13:00 I [&hellip;]<\/p>\n","protected":false},"author":1,"featured_media":0,"parent":227,"menu_order":0,"comment_status":"closed","ping_status":"closed","template":"","meta":{"_price":"","_stock":"","_tribe_ticket_header":"","_tribe_default_ticket_provider":"","_tribe_ticket_capacity":"0","_ticket_start_date":"","_ticket_end_date":"","_tribe_ticket_show_description":"","_tribe_ticket_show_not_going":false,"_tribe_ticket_use_global_stock":"","_tribe_ticket_global_stock_level":"","_global_stock_mode":"","_global_stock_cap":"","_tribe_rsvp_for_event":"","_tribe_ticket_going_count":"","_tribe_ticket_not_going_count":"","_tribe_tickets_list":"[]","_tribe_ticket_has_attendee_info_fields":false,"footnotes":"","_tec_slr_enabled":"","_tec_slr_layout":""},"class_list":["post-12532","page","type-page","status-publish","hentry"],"yoast_head":"<!-- This site is optimized with the Yoast SEO plugin v27.2 - https:\/\/yoast.com\/product\/yoast-seo-wordpress\/ -->\n<title>Dirigente Scolastico - San Martino in Pensilis - Istituto Comprensivo<\/title>\n<meta name=\"robots\" content=\"index, follow, max-snippet:-1, max-image-preview:large, max-video-preview:-1\" \/>\n<link rel=\"canonical\" href=\"https:\/\/www.icsanmartinoinpensilis.edu.it\/site\/scuola\/le-persone\/dirigente-scolastico\/\" \/>\n<meta property=\"og:locale\" content=\"it_IT\" \/>\n<meta property=\"og:type\" content=\"article\" \/>\n<meta property=\"og:title\" content=\"Dirigente Scolastico - San Martino in Pensilis - Istituto Comprensivo\" \/>\n<meta property=\"og:description\" content=\"Prof.ssa Lamanna Immacolata Curriculum Vitae Atto di Indirizzo Si comunica alle SS.L.L. che per l&#8217;anno scolastico 2021\/22, a partire dal 03\/11\/2021 l&#8217;orario di ricevimento della Dirigente Scolastica \u00e8 organizzato come segue: Sede Giorno Ora San Martino In Pensilis Ufficio Sede Centrale Mercoled\u00ec-Gioved\u00ec- Venerd\u00ec 12:00-13:00 Ururi Scuola dell&#8217;Infanzia Luned\u00ec 12:00-13:00 Portocannone Scuola dell&#8217;Infanzia Marted\u00ec 12:00-13:00 I [&hellip;]\" \/>\n<meta property=\"og:url\" content=\"https:\/\/www.icsanmartinoinpensilis.edu.it\/site\/scuola\/le-persone\/dirigente-scolastico\/\" \/>\n<meta property=\"og:site_name\" content=\"San Martino in Pensilis - Istituto Comprensivo\" \/>\n<meta property=\"article:modified_time\" content=\"2025-11-07T14:26:42+00:00\" \/>\n<meta name=\"twitter:card\" content=\"summary_large_image\" \/>\n<meta name=\"twitter:label1\" content=\"Tempo di lettura stimato\" \/>\n\t<meta name=\"twitter:data1\" content=\"1 minuto\" \/>\n<script type=\"application\/ld+json\" class=\"yoast-schema-graph\">{\"@context\":\"https:\/\/schema.org\",\"@graph\":[{\"@type\":\"WebPage\",\"@id\":\"https:\/\/www.icsanmartinoinpensilis.edu.it\/site\/scuola\/le-persone\/dirigente-scolastico\/\",\"url\":\"https:\/\/www.icsanmartinoinpensilis.edu.it\/site\/scuola\/le-persone\/dirigente-scolastico\/\",\"name\":\"Dirigente Scolastico - San Martino in Pensilis - Istituto Comprensivo\",\"isPartOf\":{\"@id\":\"https:\/\/www.icsanmartinoinpensilis.edu.it\/site\/#website\"},\"datePublished\":\"2023-08-21T09:37:33+00:00\",\"dateModified\":\"2025-11-07T14:26:42+00:00\",\"breadcrumb\":{\"@id\":\"https:\/\/www.icsanmartinoinpensilis.edu.it\/site\/scuola\/le-persone\/dirigente-scolastico\/#breadcrumb\"},\"inLanguage\":\"it-IT\",\"potentialAction\":[{\"@type\":\"ReadAction\",\"target\":[\"https:\/\/www.icsanmartinoinpensilis.edu.it\/site\/scuola\/le-persone\/dirigente-scolastico\/\"]}]},{\"@type\":\"BreadcrumbList\",\"@id\":\"https:\/\/www.icsanmartinoinpensilis.edu.it\/site\/scuola\/le-persone\/dirigente-scolastico\/#breadcrumb\",\"itemListElement\":[{\"@type\":\"ListItem\",\"position\":1,\"name\":\"Home\",\"item\":\"https:\/\/www.icsanmartinoinpensilis.edu.it\/site\/\"},{\"@type\":\"ListItem\",\"position\":2,\"name\":\"Scuola\",\"item\":\"https:\/\/www.icsanmartinoinpensilis.edu.it\/site\/scuola\/\"},{\"@type\":\"ListItem\",\"position\":3,\"name\":\"Le persone\",\"item\":\"https:\/\/www.icsanmartinoinpensilis.edu.it\/site\/scuola\/le-persone\/\"},{\"@type\":\"ListItem\",\"position\":4,\"name\":\"Dirigente Scolastico\"}]},{\"@type\":\"WebSite\",\"@id\":\"https:\/\/www.icsanmartinoinpensilis.edu.it\/site\/#website\",\"url\":\"https:\/\/www.icsanmartinoinpensilis.edu.it\/site\/\",\"name\":\"San Martino in Pensilis - Istituto Comprensivo\",\"description\":\"Istituto Comprensivo San Martino in Pensilis\",\"potentialAction\":[{\"@type\":\"SearchAction\",\"target\":{\"@type\":\"EntryPoint\",\"urlTemplate\":\"https:\/\/www.icsanmartinoinpensilis.edu.it\/site\/?s={search_term_string}\"},\"query-input\":{\"@type\":\"PropertyValueSpecification\",\"valueRequired\":true,\"valueName\":\"search_term_string\"}}],\"inLanguage\":\"it-IT\"}]}<\/script>\n<!-- \/ Yoast SEO plugin. -->","yoast_head_json":{"title":"Dirigente Scolastico - San Martino in Pensilis - Istituto Comprensivo","robots":{"index":"index","follow":"follow","max-snippet":"max-snippet:-1","max-image-preview":"max-image-preview:large","max-video-preview":"max-video-preview:-1"},"canonical":"https:\/\/www.icsanmartinoinpensilis.edu.it\/site\/scuola\/le-persone\/dirigente-scolastico\/","og_locale":"it_IT","og_type":"article","og_title":"Dirigente Scolastico - San Martino in Pensilis - Istituto Comprensivo","og_description":"Prof.ssa Lamanna Immacolata Curriculum Vitae Atto di Indirizzo Si comunica alle SS.L.L. che per l&#8217;anno scolastico 2021\/22, a partire dal 03\/11\/2021 l&#8217;orario di ricevimento della Dirigente Scolastica \u00e8 organizzato come segue: Sede Giorno Ora San Martino In Pensilis Ufficio Sede Centrale Mercoled\u00ec-Gioved\u00ec- Venerd\u00ec 12:00-13:00 Ururi Scuola dell&#8217;Infanzia Luned\u00ec 12:00-13:00 Portocannone Scuola dell&#8217;Infanzia Marted\u00ec 12:00-13:00 I [&hellip;]","og_url":"https:\/\/www.icsanmartinoinpensilis.edu.it\/site\/scuola\/le-persone\/dirigente-scolastico\/","og_site_name":"San Martino in Pensilis - Istituto Comprensivo","article_modified_time":"2025-11-07T14:26:42+00:00","twitter_card":"summary_large_image","twitter_misc":{"Tempo di lettura stimato":"1 minuto"},"schema":{"@context":"https:\/\/schema.org","@graph":[{"@type":"WebPage","@id":"https:\/\/www.icsanmartinoinpensilis.edu.it\/site\/scuola\/le-persone\/dirigente-scolastico\/","url":"https:\/\/www.icsanmartinoinpensilis.edu.it\/site\/scuola\/le-persone\/dirigente-scolastico\/","name":"Dirigente Scolastico - San Martino in Pensilis - Istituto Comprensivo","isPartOf":{"@id":"https:\/\/www.icsanmartinoinpensilis.edu.it\/site\/#website"},"datePublished":"2023-08-21T09:37:33+00:00","dateModified":"2025-11-07T14:26:42+00:00","breadcrumb":{"@id":"https:\/\/www.icsanmartinoinpensilis.edu.it\/site\/scuola\/le-persone\/dirigente-scolastico\/#breadcrumb"},"inLanguage":"it-IT","potentialAction":[{"@type":"ReadAction","target":["https:\/\/www.icsanmartinoinpensilis.edu.it\/site\/scuola\/le-persone\/dirigente-scolastico\/"]}]},{"@type":"BreadcrumbList","@id":"https:\/\/www.icsanmartinoinpensilis.edu.it\/site\/scuola\/le-persone\/dirigente-scolastico\/#breadcrumb","itemListElement":[{"@type":"ListItem","position":1,"name":"Home","item":"https:\/\/www.icsanmartinoinpensilis.edu.it\/site\/"},{"@type":"ListItem","position":2,"name":"Scuola","item":"https:\/\/www.icsanmartinoinpensilis.edu.it\/site\/scuola\/"},{"@type":"ListItem","position":3,"name":"Le persone","item":"https:\/\/www.icsanmartinoinpensilis.edu.it\/site\/scuola\/le-persone\/"},{"@type":"ListItem","position":4,"name":"Dirigente Scolastico"}]},{"@type":"WebSite","@id":"https:\/\/www.icsanmartinoinpensilis.edu.it\/site\/#website","url":"https:\/\/www.icsanmartinoinpensilis.edu.it\/site\/","name":"San Martino in Pensilis - Istituto Comprensivo","description":"Istituto Comprensivo San Martino in Pensilis","potentialAction":[{"@type":"SearchAction","target":{"@type":"EntryPoint","urlTemplate":"https:\/\/www.icsanmartinoinpensilis.edu.it\/site\/?s={search_term_string}"},"query-input":{"@type":"PropertyValueSpecification","valueRequired":true,"valueName":"search_term_string"}}],"inLanguage":"it-IT"}]}},"ticketed":false,"_links":{"self":[{"href":"https:\/\/www.icsanmartinoinpensilis.edu.it\/site\/wp-json\/wp\/v2\/pages\/12532","targetHints":{"allow":["GET"]}}],"collection":[{"href":"https:\/\/www.icsanmartinoinpensilis.edu.it\/site\/wp-json\/wp\/v2\/pages"}],"about":[{"href":"https:\/\/www.icsanmartinoinpensilis.edu.it\/site\/wp-json\/wp\/v2\/types\/page"}],"author":[{"embeddable":true,"href":"https:\/\/www.icsanmartinoinpensilis.edu.it\/site\/wp-json\/wp\/v2\/users\/1"}],"replies":[{"embeddable":true,"href":"https:\/\/www.icsanmartinoinpensilis.edu.it\/site\/wp-json\/wp\/v2\/comments?post=12532"}],"version-history":[{"count":3,"href":"https:\/\/www.icsanmartinoinpensilis.edu.it\/site\/wp-json\/wp\/v2\/pages\/12532\/revisions"}],"predecessor-version":[{"id":16836,"href":"https:\/\/www.icsanmartinoinpensilis.edu.it\/site\/wp-json\/wp\/v2\/pages\/12532\/revisions\/16836"}],"up":[{"embeddable":true,"href":"https:\/\/www.icsanmartinoinpensilis.edu.it\/site\/wp-json\/wp\/v2\/pages\/227"}],"wp:attachment":[{"href":"https:\/\/www.icsanmartinoinpensilis.edu.it\/site\/wp-json\/wp\/v2\/media?parent=12532"}],"curies":[{"name":"wp","href":"https:\/\/api.w.org\/{rel}","templated":true}]}}