{"id":13117,"date":"2023-08-21T13:20:50","date_gmt":"2023-08-21T13:20:50","guid":{"rendered":"https:\/\/www.icsanmartinoinpensilis.edu.it\/site\/?page_id=13117"},"modified":"2025-05-21T12:29:18","modified_gmt":"2025-05-21T10:29:18","slug":"ptof","status":"publish","type":"page","link":"https:\/\/www.icsanmartinoinpensilis.edu.it\/site\/scuola\/le-carte-della-scuola\/ptof\/","title":{"rendered":"PTOF"},"content":{"rendered":"\t\t<div data-elementor-type=\"wp-page\" data-elementor-id=\"13117\" class=\"elementor elementor-13117\" data-elementor-post-type=\"page\">\n\t\t\t\t\t\t<section class=\"has_eae_slider elementor-section elementor-top-section elementor-element elementor-element-12d9aea elementor-section-boxed elementor-section-height-default elementor-section-height-default\" data-eae-slider=\"59303\" data-id=\"12d9aea\" data-element_type=\"section\" data-e-type=\"section\" data-settings=\"{&quot;background_background&quot;:&quot;classic&quot;}\">\n\t\t\t\t\t\t<div class=\"elementor-container elementor-column-gap-default\">\n\t\t\t\t\t<div class=\"has_eae_slider elementor-column elementor-col-100 elementor-top-column elementor-element elementor-element-f0bfc50\" data-eae-slider=\"62694\" data-id=\"f0bfc50\" data-element_type=\"column\" data-e-type=\"column\">\n\t\t\t<div class=\"elementor-widget-wrap elementor-element-populated\">\n\t\t\t\t\t\t<div class=\"elementor-element elementor-element-268df18 elementor-widget elementor-widget-html\" data-id=\"268df18\" data-element_type=\"widget\" data-e-type=\"widget\" data-widget_type=\"html.default\">\n\t\t\t\t<div class=\"elementor-widget-container\">\n\t\t\t\t\t<ul class=\"breadcrumb\" data-element=\"breadcrumb\">\n  <li><a href=\"https:\/\/icsanmartinoinpensilis.edu.it\/site\/\">Home<\/a><\/li>\n  <li><a href=\"https:\/\/icsanmartinoinpensilis.edu.it\/site\/scuola\/\">Scuola<\/a><\/li>\n   <li><a href=\"https:\/\/icsanmartinoinpensilis.edu.it\/site\/scuola\/le-carte-della-scuola\">Le carte della scuola<\/a><\/li>\n  <li>PTOF<\/li>\n<\/ul>\n\n<style>\n    ul.breadcrumb {\n  list-style: none;\n}\n\n\/* Display list items side by side *\/\nul.breadcrumb li {\n  display: inline;\n  font-family: \"Roboto Mono\", Sans-serif;\nfont-size:0.9rem;\nfont-weight: 400;\ncolor: #455B71;\n}\n\n\/* Add a slash symbol (\/) before\/behind each list item *\/\nul.breadcrumb li+li:before {\n  padding: 8px;\n  color: black;\n  content: \"\u00bb\";\n}\n\n\/* Add a color to all links inside the list *\/\nul.breadcrumb li a {\n  font-family: \"Titillium Web\", Sans-serif;\nfont-size: 0.9rem;\nfont-weight: 400;\n  color: #42BD84;\n  text-decoration: none;\n}\n\n<\/style>\t\t\t\t<\/div>\n\t\t\t\t<\/div>\n\t\t\t\t\t<\/div>\n\t\t<\/div>\n\t\t\t\t\t<\/div>\n\t\t<\/section>\n\t\t\t\t<section class=\"has_eae_slider elementor-section elementor-top-section elementor-element elementor-element-d03cda7 elementor-section-boxed elementor-section-height-default elementor-section-height-default\" data-eae-slider=\"66559\" data-id=\"d03cda7\" data-element_type=\"section\" data-e-type=\"section\" data-settings=\"{&quot;background_background&quot;:&quot;classic&quot;}\">\n\t\t\t\t\t\t<div class=\"elementor-container elementor-column-gap-default\">\n\t\t\t\t\t<div class=\"has_eae_slider elementor-column elementor-col-100 elementor-top-column elementor-element elementor-element-d3ac79a\" data-eae-slider=\"87759\" data-id=\"d3ac79a\" data-element_type=\"column\" data-e-type=\"column\">\n\t\t\t<div class=\"elementor-widget-wrap elementor-element-populated\">\n\t\t\t\t\t\t<div class=\"elementor-element elementor-element-2cf8c45 elementor-widget elementor-widget-theme-post-title elementor-page-title elementor-widget-heading\" data-id=\"2cf8c45\" data-element_type=\"widget\" data-e-type=\"widget\" data-widget_type=\"theme-post-title.default\">\n\t\t\t\t<div class=\"elementor-widget-container\">\n\t\t\t\t\t<h1 class=\"elementor-heading-title elementor-size-default\"><div class=\"font-sans-serif\">PTOF<\/div><\/h1>\t\t\t\t<\/div>\n\t\t\t\t<\/div>\n\t\t\t\t\t<\/div>\n\t\t<\/div>\n\t\t\t\t\t<\/div>\n\t\t<\/section>\n\t\t\t\t<section class=\"has_eae_slider elementor-section elementor-top-section elementor-element elementor-element-6673a2f elementor-section-boxed elementor-section-height-default elementor-section-height-default\" data-eae-slider=\"38700\" data-id=\"6673a2f\" data-element_type=\"section\" data-e-type=\"section\">\n\t\t\t\t\t\t<div class=\"elementor-container elementor-column-gap-default\">\n\t\t\t\t\t<div class=\"has_eae_slider elementor-column elementor-col-33 elementor-top-column elementor-element elementor-element-69fb221\" data-eae-slider=\"85982\" data-id=\"69fb221\" data-element_type=\"column\" data-e-type=\"column\">\n\t\t\t<div class=\"elementor-widget-wrap elementor-element-populated\">\n\t\t\t\t\t\t<section class=\"has_eae_slider elementor-section elementor-inner-section elementor-element elementor-element-7f496f6 elementor-section-boxed elementor-section-height-default elementor-section-height-default\" data-eae-slider=\"66765\" data-id=\"7f496f6\" data-element_type=\"section\" data-e-type=\"section\" data-settings=\"{&quot;background_background&quot;:&quot;classic&quot;,&quot;sticky&quot;:&quot;top&quot;,&quot;sticky_on&quot;:[&quot;desktop&quot;],&quot;sticky_offset&quot;:80,&quot;sticky_effects_offset&quot;:0,&quot;sticky_anchor_link_offset&quot;:0}\">\n\t\t\t\t\t\t<div class=\"elementor-container elementor-column-gap-default\">\n\t\t\t\t\t<div class=\"has_eae_slider elementor-column elementor-col-100 elementor-inner-column elementor-element elementor-element-087cec8\" data-eae-slider=\"48590\" data-id=\"087cec8\" data-element_type=\"column\" data-e-type=\"column\">\n\t\t\t<div class=\"elementor-widget-wrap elementor-element-populated\">\n\t\t\t\t\t\t<div class=\"elementor-element elementor-element-d8eefc4 elementor-widget elementor-widget-heading\" data-id=\"d8eefc4\" data-element_type=\"widget\" data-e-type=\"widget\" data-widget_type=\"heading.default\">\n\t\t\t\t<div class=\"elementor-widget-container\">\n\t\t\t\t\t<h2 class=\"elementor-heading-title elementor-size-default\"><a href=\"#descrizione\">Descrizione<\/a><\/h2>\t\t\t\t<\/div>\n\t\t\t\t<\/div>\n\t\t\t\t\t<\/div>\n\t\t<\/div>\n\t\t\t\t\t<\/div>\n\t\t<\/section>\n\t\t\t\t<section class=\"has_eae_slider elementor-section elementor-inner-section elementor-element elementor-element-8c7b8a6 elementor-section-boxed elementor-section-height-default elementor-section-height-default\" data-eae-slider=\"9111\" data-id=\"8c7b8a6\" data-element_type=\"section\" data-e-type=\"section\" data-settings=\"{&quot;background_background&quot;:&quot;classic&quot;,&quot;sticky&quot;:&quot;top&quot;,&quot;sticky_on&quot;:[&quot;desktop&quot;],&quot;sticky_offset&quot;:121,&quot;sticky_effects_offset&quot;:0,&quot;sticky_anchor_link_offset&quot;:0}\">\n\t\t\t\t\t\t<div class=\"elementor-container elementor-column-gap-default\">\n\t\t\t\t\t<div class=\"has_eae_slider elementor-column elementor-col-100 elementor-inner-column elementor-element elementor-element-d644a2e\" data-eae-slider=\"53586\" data-id=\"d644a2e\" data-element_type=\"column\" data-e-type=\"column\">\n\t\t\t<div class=\"elementor-widget-wrap elementor-element-populated\">\n\t\t\t\t\t\t<div class=\"elementor-element elementor-element-d4d4580 elementor-widget elementor-widget-heading\" data-id=\"d4d4580\" data-element_type=\"widget\" data-e-type=\"widget\" data-settings=\"{&quot;sticky&quot;:&quot;top&quot;,&quot;sticky_on&quot;:[&quot;desktop&quot;],&quot;sticky_offset&quot;:121,&quot;sticky_effects_offset&quot;:0,&quot;sticky_anchor_link_offset&quot;:0}\" data-widget_type=\"heading.default\">\n\t\t\t\t<div class=\"elementor-widget-container\">\n\t\t\t\t\t<h2 class=\"elementor-heading-title elementor-size-default\"><a href=\"#documenti\">Documenti<\/a><\/h2>\t\t\t\t<\/div>\n\t\t\t\t<\/div>\n\t\t\t\t\t<\/div>\n\t\t<\/div>\n\t\t\t\t\t<\/div>\n\t\t<\/section>\n\t\t\t\t<section class=\"has_eae_slider elementor-section elementor-inner-section elementor-element elementor-element-4b7e453 elementor-section-boxed elementor-section-height-default elementor-section-height-default\" data-eae-slider=\"36619\" data-id=\"4b7e453\" data-element_type=\"section\" data-e-type=\"section\" data-settings=\"{&quot;background_background&quot;:&quot;classic&quot;,&quot;sticky&quot;:&quot;top&quot;,&quot;sticky_on&quot;:[&quot;desktop&quot;],&quot;sticky_offset&quot;:162,&quot;sticky_effects_offset&quot;:0,&quot;sticky_anchor_link_offset&quot;:0}\">\n\t\t\t\t\t\t<div class=\"elementor-container elementor-column-gap-default\">\n\t\t\t\t\t<div class=\"has_eae_slider elementor-column elementor-col-100 elementor-inner-column elementor-element elementor-element-791ab67\" data-eae-slider=\"44999\" data-id=\"791ab67\" data-element_type=\"column\" data-e-type=\"column\">\n\t\t\t<div class=\"elementor-widget-wrap elementor-element-populated\">\n\t\t\t\t\t\t<div class=\"elementor-element elementor-element-85c3174 elementor-widget elementor-widget-heading\" data-id=\"85c3174\" data-element_type=\"widget\" data-e-type=\"widget\" data-settings=\"{&quot;sticky&quot;:&quot;top&quot;,&quot;sticky_on&quot;:[&quot;desktop&quot;],&quot;sticky_offset&quot;:121,&quot;sticky_effects_offset&quot;:0,&quot;sticky_anchor_link_offset&quot;:0}\" data-widget_type=\"heading.default\">\n\t\t\t\t<div class=\"elementor-widget-container\">\n\t\t\t\t\t<h2 class=\"elementor-heading-title elementor-size-default\"><a href=\"#contatti\">Contatti<\/a><\/h2>\t\t\t\t<\/div>\n\t\t\t\t<\/div>\n\t\t\t\t\t<\/div>\n\t\t<\/div>\n\t\t\t\t\t<\/div>\n\t\t<\/section>\n\t\t\t\t\t<\/div>\n\t\t<\/div>\n\t\t\t\t<div class=\"has_eae_slider elementor-column elementor-col-66 elementor-top-column elementor-element elementor-element-cb29ae4\" data-eae-slider=\"42146\" data-id=\"cb29ae4\" data-element_type=\"column\" data-e-type=\"column\">\n\t\t\t<div class=\"elementor-widget-wrap elementor-element-populated\">\n\t\t\t\t\t\t<div class=\"elementor-element elementor-element-3224ebc elementor-widget elementor-widget-heading\" data-id=\"3224ebc\" data-element_type=\"widget\" data-e-type=\"widget\" id=\"descrizione\" data-widget_type=\"heading.default\">\n\t\t\t\t<div class=\"elementor-widget-container\">\n\t\t\t\t\t<h2 class=\"elementor-heading-title elementor-size-xl\">Descrizione<\/h2>\t\t\t\t<\/div>\n\t\t\t\t<\/div>\n\t\t\t\t<div class=\"elementor-element elementor-element-06631d5 elementor-widget elementor-widget-text-editor\" data-id=\"06631d5\" data-element_type=\"widget\" data-e-type=\"widget\" data-widget_type=\"text-editor.default\">\n\t\t\t\t<div class=\"elementor-widget-container\">\n\t\t\t\t\t\t\t\t\t<p>Il Piano Triennale dell\u2019Offerta Formativa (PTOF) rappresenta il documento fondamentale costitutivo dell\u2019identit\u00e0 culturale e progettuale delle istituzioni scolastiche ed esplicita la progettazione curriculare, extracurriculare, educativa e organizzativa che le singole scuole adottano nell\u2019ambito della loro autonomia.<\/p><p>Il comma 2 della legge 107\/2015 anticipa gi\u00e0 parte del contenuto del PTOF; si tratta della programmazione triennale dell\u2019offerta formativa per il potenziamento dei saperi e delle competenze degli studenti e per l\u2019apertura della comunit\u00e0 scolastica al territorio con il pieno coinvolgimento delle istituzioni e delle realt\u00e0 locali.<\/p><p>Il Piano contiene anche la programmazione delle attivit\u00e0 formative rivolte al personale docente e amministrativo, tecnico e ausiliare, nonch\u00e8 la definizione delle risorse occorrenti. Di concerto con gli organi collegiali il dirigente scolastico pu\u00f2 individuare percorsi formativi e iniziative diretti all\u2019orientamento e alla valorizzazione del merito scolastico e dei talenti. Il PTOF esplicita l\u2019offerta formativa obbligatoria dei percorsi di alternanza scuola \u2013 lavoro, inoltre prevede le attivit\u00e0 di formazione in materia di tutela della salute e della sicurezza nei luoghi di lavoro.<\/p><p>Il PTOF contiene anche il fabbisogno dei posti comuni e di sostegno dell\u2019organico dell\u2019autonomia, sulla base del monte orario degli insegnanti curriculari e del fabbisogno dei posti per il potenziamento dell\u2019offerta formativa, nonch\u00e8 il fabbisogno relativo ai posti del personale amministrativo, tecnico e ausiliario, nel rispetto dei limiti e dei parametri stabiliti dalle norme e regolamenti vigenti.<\/p><p>Il PTOF pu\u00f2 essere integrato e\/o aggiornato annualmente.<\/p>\t\t\t\t\t\t\t\t<\/div>\n\t\t\t\t<\/div>\n\t\t\t\t<div class=\"elementor-element elementor-element-ee5e60f elementor-widget elementor-widget-spacer\" data-id=\"ee5e60f\" data-element_type=\"widget\" data-e-type=\"widget\" data-widget_type=\"spacer.default\">\n\t\t\t\t<div class=\"elementor-widget-container\">\n\t\t\t\t\t\t\t<div class=\"elementor-spacer\">\n\t\t\t<div class=\"elementor-spacer-inner\"><\/div>\n\t\t<\/div>\n\t\t\t\t\t\t<\/div>\n\t\t\t\t<\/div>\n\t\t\t\t<div class=\"elementor-element elementor-element-548ff6a elementor-widget elementor-widget-heading\" data-id=\"548ff6a\" data-element_type=\"widget\" data-e-type=\"widget\" id=\"documenti\" data-widget_type=\"heading.default\">\n\t\t\t\t<div class=\"elementor-widget-container\">\n\t\t\t\t\t<h2 class=\"elementor-heading-title elementor-size-xl\">Documenti<\/h2>\t\t\t\t<\/div>\n\t\t\t\t<\/div>\n\t\t\t\t<section class=\"has_eae_slider elementor-section elementor-inner-section elementor-element elementor-element-cf6e114 elementor-section-full_width elementor-section-height-default elementor-section-height-default\" data-eae-slider=\"73430\" data-id=\"cf6e114\" data-element_type=\"section\" data-e-type=\"section\">\n\t\t\t\t\t\t<div class=\"elementor-container elementor-column-gap-default\">\n\t\t\t\t\t<div class=\"has_eae_slider elementor-column elementor-col-33 elementor-inner-column elementor-element elementor-element-caa8d74\" data-eae-slider=\"89259\" data-id=\"caa8d74\" data-element_type=\"column\" data-e-type=\"column\">\n\t\t\t<div class=\"elementor-widget-wrap elementor-element-populated\">\n\t\t\t\t\t\t<div class=\"elementor-element elementor-element-9996b67 elementor-position-inline-start elementor-view-default elementor-mobile-position-block-start elementor-widget elementor-widget-icon-box\" data-id=\"9996b67\" data-element_type=\"widget\" data-e-type=\"widget\" data-widget_type=\"icon-box.default\">\n\t\t\t\t<div class=\"elementor-widget-container\">\n\t\t\t\t\t\t\t<div class=\"elementor-icon-box-wrapper\">\n\n\t\t\t\t\t\t<div class=\"elementor-icon-box-icon\">\n\t\t\t\t<a href=\"https:\/\/www.icsanmartinoinpensilis.edu.it\/site\/wp-content\/uploads\/2023\/08\/CBIC82000C-202225-202223-20230107.pdf\" target=\"_blank\" class=\"elementor-icon\" tabindex=\"-1\" aria-label=\"PTOF 2022\/25\">\n\t\t\t\t<i aria-hidden=\"true\" class=\"far fa-file-pdf\"><\/i>\t\t\t\t<\/a>\n\t\t\t<\/div>\n\t\t\t\n\t\t\t\t\t\t<div class=\"elementor-icon-box-content\">\n\n\t\t\t\t\t\t\t\t\t<h3 class=\"elementor-icon-box-title\">\n\t\t\t\t\t\t<a href=\"https:\/\/www.icsanmartinoinpensilis.edu.it\/site\/wp-content\/uploads\/2023\/08\/CBIC82000C-202225-202223-20230107.pdf\" target=\"_blank\" >\n\t\t\t\t\t\t\tPTOF 2022\/25\t\t\t\t\t\t<\/a>\n\t\t\t\t\t<\/h3>\n\t\t\t\t\n\t\t\t\t\n\t\t\t<\/div>\n\t\t\t\n\t\t<\/div>\n\t\t\t\t\t\t<\/div>\n\t\t\t\t<\/div>\n\t\t\t\t\t<\/div>\n\t\t<\/div>\n\t\t\t\t<div class=\"has_eae_slider elementor-column elementor-col-33 elementor-inner-column elementor-element elementor-element-6d54622\" data-eae-slider=\"27944\" data-id=\"6d54622\" data-element_type=\"column\" data-e-type=\"column\">\n\t\t\t<div class=\"elementor-widget-wrap\">\n\t\t\t\t\t\t\t<\/div>\n\t\t<\/div>\n\t\t\t\t<div class=\"has_eae_slider elementor-column elementor-col-33 elementor-inner-column elementor-element elementor-element-b8f2ab5\" data-eae-slider=\"28824\" data-id=\"b8f2ab5\" data-element_type=\"column\" data-e-type=\"column\">\n\t\t\t<div class=\"elementor-widget-wrap\">\n\t\t\t\t\t\t\t<\/div>\n\t\t<\/div>\n\t\t\t\t\t<\/div>\n\t\t<\/section>\n\t\t\t\t<div class=\"elementor-element elementor-element-e846281 elementor-widget elementor-widget-spacer\" data-id=\"e846281\" data-element_type=\"widget\" data-e-type=\"widget\" data-widget_type=\"spacer.default\">\n\t\t\t\t<div class=\"elementor-widget-container\">\n\t\t\t\t\t\t\t<div class=\"elementor-spacer\">\n\t\t\t<div class=\"elementor-spacer-inner\"><\/div>\n\t\t<\/div>\n\t\t\t\t\t\t<\/div>\n\t\t\t\t<\/div>\n\t\t\t\t<div class=\"elementor-element elementor-element-91ca51d elementor-widget elementor-widget-heading\" data-id=\"91ca51d\" data-element_type=\"widget\" data-e-type=\"widget\" id=\"contatti\" data-widget_type=\"heading.default\">\n\t\t\t\t<div class=\"elementor-widget-container\">\n\t\t\t\t\t<h2 class=\"elementor-heading-title elementor-size-xl\">Contatti<\/h2>\t\t\t\t<\/div>\n\t\t\t\t<\/div>\n\t\t\t\t<div class=\"elementor-element elementor-element-b899797 elementor-widget elementor-widget-text-editor\" data-id=\"b899797\" data-element_type=\"widget\" data-e-type=\"widget\" data-widget_type=\"text-editor.default\">\n\t\t\t\t<div class=\"elementor-widget-container\">\n\t\t\t\t\t\t\t\t\t<p>Responsabile della trasmissione e pubblicazione dei documenti: Dr.ssa Immacolata Lamanna.<\/p>\t\t\t\t\t\t\t\t<\/div>\n\t\t\t\t<\/div>\n\t\t\t\t\t<\/div>\n\t\t<\/div>\n\t\t\t\t\t<\/div>\n\t\t<\/section>\n\t\t\t\t<\/div>\n\t\t","protected":false},"excerpt":{"rendered":"<p>Home Scuola Le carte della scuola Descrizione Documenti Contatti Descrizione Il Piano Triennale dell\u2019Offerta Formativa (PTOF) rappresenta il documento fondamentale costitutivo dell\u2019identit\u00e0 culturale e progettuale delle istituzioni scolastiche ed esplicita la progettazione curriculare, extracurriculare, educativa e organizzativa che le singole scuole adottano nell\u2019ambito della loro autonomia. Il comma 2 della legge 107\/2015 anticipa gi\u00e0 parte [&hellip;]<\/p>\n","protected":false},"author":1,"featured_media":0,"parent":9993,"menu_order":0,"comment_status":"closed","ping_status":"closed","template":"elementor_header_footer","meta":{"_price":"","_stock":"","_tribe_ticket_header":"","_tribe_default_ticket_provider":"","_tribe_ticket_capacity":"0","_ticket_start_date":"","_ticket_end_date":"","_tribe_ticket_show_description":"","_tribe_ticket_show_not_going":false,"_tribe_ticket_use_global_stock":"","_tribe_ticket_global_stock_level":"","_global_stock_mode":"","_global_stock_cap":"","_tribe_rsvp_for_event":"","_tribe_ticket_going_count":"","_tribe_ticket_not_going_count":"","_tribe_tickets_list":"[]","_tribe_ticket_has_attendee_info_fields":false,"footnotes":"","_tec_slr_enabled":"","_tec_slr_layout":""},"class_list":["post-13117","page","type-page","status-publish","hentry"],"yoast_head":"<!-- This site is optimized with the Yoast SEO plugin v27.2 - https:\/\/yoast.com\/product\/yoast-seo-wordpress\/ -->\n<title>PTOF - San Martino in Pensilis - Istituto Comprensivo<\/title>\n<meta name=\"robots\" content=\"index, follow, max-snippet:-1, max-image-preview:large, max-video-preview:-1\" \/>\n<link rel=\"canonical\" href=\"https:\/\/www.icsanmartinoinpensilis.edu.it\/site\/scuola\/le-carte-della-scuola\/ptof\/\" \/>\n<meta property=\"og:locale\" content=\"it_IT\" \/>\n<meta property=\"og:type\" content=\"article\" \/>\n<meta property=\"og:title\" content=\"PTOF - San Martino in Pensilis - Istituto Comprensivo\" \/>\n<meta property=\"og:description\" content=\"Home Scuola Le carte della scuola Descrizione Documenti Contatti Descrizione Il Piano Triennale dell\u2019Offerta Formativa (PTOF) rappresenta il documento fondamentale costitutivo dell\u2019identit\u00e0 culturale e progettuale delle istituzioni scolastiche ed esplicita la progettazione curriculare, extracurriculare, educativa e organizzativa che le singole scuole adottano nell\u2019ambito della loro autonomia. Il comma 2 della legge 107\/2015 anticipa gi\u00e0 parte [&hellip;]\" \/>\n<meta property=\"og:url\" content=\"https:\/\/www.icsanmartinoinpensilis.edu.it\/site\/scuola\/le-carte-della-scuola\/ptof\/\" \/>\n<meta property=\"og:site_name\" content=\"San Martino in Pensilis - Istituto Comprensivo\" \/>\n<meta property=\"article:modified_time\" content=\"2025-05-21T10:29:18+00:00\" \/>\n<meta name=\"twitter:card\" content=\"summary_large_image\" \/>\n<meta name=\"twitter:label1\" content=\"Tempo di lettura stimato\" \/>\n\t<meta name=\"twitter:data1\" content=\"2 minuti\" \/>\n<script type=\"application\/ld+json\" class=\"yoast-schema-graph\">{\"@context\":\"https:\/\/schema.org\",\"@graph\":[{\"@type\":\"WebPage\",\"@id\":\"https:\/\/www.icsanmartinoinpensilis.edu.it\/site\/scuola\/le-carte-della-scuola\/ptof\/\",\"url\":\"https:\/\/www.icsanmartinoinpensilis.edu.it\/site\/scuola\/le-carte-della-scuola\/ptof\/\",\"name\":\"PTOF - San Martino in Pensilis - Istituto Comprensivo\",\"isPartOf\":{\"@id\":\"https:\/\/www.icsanmartinoinpensilis.edu.it\/site\/#website\"},\"datePublished\":\"2023-08-21T13:20:50+00:00\",\"dateModified\":\"2025-05-21T10:29:18+00:00\",\"breadcrumb\":{\"@id\":\"https:\/\/www.icsanmartinoinpensilis.edu.it\/site\/scuola\/le-carte-della-scuola\/ptof\/#breadcrumb\"},\"inLanguage\":\"it-IT\",\"potentialAction\":[{\"@type\":\"ReadAction\",\"target\":[\"https:\/\/www.icsanmartinoinpensilis.edu.it\/site\/scuola\/le-carte-della-scuola\/ptof\/\"]}]},{\"@type\":\"BreadcrumbList\",\"@id\":\"https:\/\/www.icsanmartinoinpensilis.edu.it\/site\/scuola\/le-carte-della-scuola\/ptof\/#breadcrumb\",\"itemListElement\":[{\"@type\":\"ListItem\",\"position\":1,\"name\":\"Home\",\"item\":\"https:\/\/www.icsanmartinoinpensilis.edu.it\/site\/\"},{\"@type\":\"ListItem\",\"position\":2,\"name\":\"Scuola\",\"item\":\"https:\/\/www.icsanmartinoinpensilis.edu.it\/site\/scuola\/\"},{\"@type\":\"ListItem\",\"position\":3,\"name\":\"Le carte della scuola\",\"item\":\"https:\/\/www.icsanmartinoinpensilis.edu.it\/site\/scuola\/le-carte-della-scuola\/\"},{\"@type\":\"ListItem\",\"position\":4,\"name\":\"PTOF\"}]},{\"@type\":\"WebSite\",\"@id\":\"https:\/\/www.icsanmartinoinpensilis.edu.it\/site\/#website\",\"url\":\"https:\/\/www.icsanmartinoinpensilis.edu.it\/site\/\",\"name\":\"San Martino in Pensilis - Istituto Comprensivo\",\"description\":\"Istituto Comprensivo San Martino in Pensilis\",\"potentialAction\":[{\"@type\":\"SearchAction\",\"target\":{\"@type\":\"EntryPoint\",\"urlTemplate\":\"https:\/\/www.icsanmartinoinpensilis.edu.it\/site\/?s={search_term_string}\"},\"query-input\":{\"@type\":\"PropertyValueSpecification\",\"valueRequired\":true,\"valueName\":\"search_term_string\"}}],\"inLanguage\":\"it-IT\"}]}<\/script>\n<!-- \/ Yoast SEO plugin. -->","yoast_head_json":{"title":"PTOF - San Martino in Pensilis - Istituto Comprensivo","robots":{"index":"index","follow":"follow","max-snippet":"max-snippet:-1","max-image-preview":"max-image-preview:large","max-video-preview":"max-video-preview:-1"},"canonical":"https:\/\/www.icsanmartinoinpensilis.edu.it\/site\/scuola\/le-carte-della-scuola\/ptof\/","og_locale":"it_IT","og_type":"article","og_title":"PTOF - San Martino in Pensilis - Istituto Comprensivo","og_description":"Home Scuola Le carte della scuola Descrizione Documenti Contatti Descrizione Il Piano Triennale dell\u2019Offerta Formativa (PTOF) rappresenta il documento fondamentale costitutivo dell\u2019identit\u00e0 culturale e progettuale delle istituzioni scolastiche ed esplicita la progettazione curriculare, extracurriculare, educativa e organizzativa che le singole scuole adottano nell\u2019ambito della loro autonomia. Il comma 2 della legge 107\/2015 anticipa gi\u00e0 parte [&hellip;]","og_url":"https:\/\/www.icsanmartinoinpensilis.edu.it\/site\/scuola\/le-carte-della-scuola\/ptof\/","og_site_name":"San Martino in Pensilis - Istituto Comprensivo","article_modified_time":"2025-05-21T10:29:18+00:00","twitter_card":"summary_large_image","twitter_misc":{"Tempo di lettura stimato":"2 minuti"},"schema":{"@context":"https:\/\/schema.org","@graph":[{"@type":"WebPage","@id":"https:\/\/www.icsanmartinoinpensilis.edu.it\/site\/scuola\/le-carte-della-scuola\/ptof\/","url":"https:\/\/www.icsanmartinoinpensilis.edu.it\/site\/scuola\/le-carte-della-scuola\/ptof\/","name":"PTOF - San Martino in Pensilis - Istituto Comprensivo","isPartOf":{"@id":"https:\/\/www.icsanmartinoinpensilis.edu.it\/site\/#website"},"datePublished":"2023-08-21T13:20:50+00:00","dateModified":"2025-05-21T10:29:18+00:00","breadcrumb":{"@id":"https:\/\/www.icsanmartinoinpensilis.edu.it\/site\/scuola\/le-carte-della-scuola\/ptof\/#breadcrumb"},"inLanguage":"it-IT","potentialAction":[{"@type":"ReadAction","target":["https:\/\/www.icsanmartinoinpensilis.edu.it\/site\/scuola\/le-carte-della-scuola\/ptof\/"]}]},{"@type":"BreadcrumbList","@id":"https:\/\/www.icsanmartinoinpensilis.edu.it\/site\/scuola\/le-carte-della-scuola\/ptof\/#breadcrumb","itemListElement":[{"@type":"ListItem","position":1,"name":"Home","item":"https:\/\/www.icsanmartinoinpensilis.edu.it\/site\/"},{"@type":"ListItem","position":2,"name":"Scuola","item":"https:\/\/www.icsanmartinoinpensilis.edu.it\/site\/scuola\/"},{"@type":"ListItem","position":3,"name":"Le carte della scuola","item":"https:\/\/www.icsanmartinoinpensilis.edu.it\/site\/scuola\/le-carte-della-scuola\/"},{"@type":"ListItem","position":4,"name":"PTOF"}]},{"@type":"WebSite","@id":"https:\/\/www.icsanmartinoinpensilis.edu.it\/site\/#website","url":"https:\/\/www.icsanmartinoinpensilis.edu.it\/site\/","name":"San Martino in Pensilis - Istituto Comprensivo","description":"Istituto Comprensivo San Martino in Pensilis","potentialAction":[{"@type":"SearchAction","target":{"@type":"EntryPoint","urlTemplate":"https:\/\/www.icsanmartinoinpensilis.edu.it\/site\/?s={search_term_string}"},"query-input":{"@type":"PropertyValueSpecification","valueRequired":true,"valueName":"search_term_string"}}],"inLanguage":"it-IT"}]}},"ticketed":false,"_links":{"self":[{"href":"https:\/\/www.icsanmartinoinpensilis.edu.it\/site\/wp-json\/wp\/v2\/pages\/13117","targetHints":{"allow":["GET"]}}],"collection":[{"href":"https:\/\/www.icsanmartinoinpensilis.edu.it\/site\/wp-json\/wp\/v2\/pages"}],"about":[{"href":"https:\/\/www.icsanmartinoinpensilis.edu.it\/site\/wp-json\/wp\/v2\/types\/page"}],"author":[{"embeddable":true,"href":"https:\/\/www.icsanmartinoinpensilis.edu.it\/site\/wp-json\/wp\/v2\/users\/1"}],"replies":[{"embeddable":true,"href":"https:\/\/www.icsanmartinoinpensilis.edu.it\/site\/wp-json\/wp\/v2\/comments?post=13117"}],"version-history":[{"count":0,"href":"https:\/\/www.icsanmartinoinpensilis.edu.it\/site\/wp-json\/wp\/v2\/pages\/13117\/revisions"}],"up":[{"embeddable":true,"href":"https:\/\/www.icsanmartinoinpensilis.edu.it\/site\/wp-json\/wp\/v2\/pages\/9993"}],"wp:attachment":[{"href":"https:\/\/www.icsanmartinoinpensilis.edu.it\/site\/wp-json\/wp\/v2\/media?parent=13117"}],"curies":[{"name":"wp","href":"https:\/\/api.w.org\/{rel}","templated":true}]}}